{"id":1531,"date":"2018-04-12T13:24:11","date_gmt":"2018-04-12T13:24:11","guid":{"rendered":"https:\/\/curly.qodeinteractive.com\/elementor\/?page_id=1531"},"modified":"2023-10-24T11:59:15","modified_gmt":"2023-10-24T11:59:15","slug":"pocetna","status":"publish","type":"page","link":"https:\/\/frizernakaptolu.com\/en\/","title":{"rendered":"Home"},"content":{"rendered":"<div data-elementor-type=\"wp-page\" data-elementor-id=\"1531\" class=\"elementor elementor-1531\">\n\t\t\t\t\t\t\t\t\t<section class=\"elementor-section elementor-top-section elementor-element elementor-element-e33aa96 mkdf-elementor-row-grid-section elementor-section-boxed elementor-section-height-default elementor-section-height-default mkdf-parallax-row-no mkdf-content-aligment-left mkdf-disabled-bg-image-bellow-no\" data-id=\"e33aa96\" data-element_type=\"section\" data-settings=\"{&quot;background_background&quot;:&quot;classic&quot;}\">\n\t\t\t\t\t\t<div class=\"elementor-container elementor-column-gap-default\">\n\t\t\t\t\t<div class=\"elementor-column elementor-col-33 elementor-top-column elementor-element elementor-element-0cd4b45\" data-id=\"0cd4b45\" data-element_type=\"column\">\n\t\t\t<div class=\"elementor-widget-wrap elementor-element-populated\">\n\t\t\t\t\t\t\t\t<div class=\"elementor-element elementor-element-98fbbce elementor-widget elementor-widget-mkdf_icon_with_text\" data-id=\"98fbbce\" data-element_type=\"widget\" data-widget_type=\"mkdf_icon_with_text.default\">\n\t\t\t\t<div class=\"elementor-widget-container\">\n\t\t\t<div class=\"mkdf-iwt clearfix  mkdf-iwt-icon-top mkdf-iwt-icon-medium\">\n    <div class=\"mkdf-iwt-icon\">\n                <a itemprop=\"url\" href=\"#\" target=\"_self\">\n                                        <img loading=\"lazy\" decoding=\"async\" width=\"110\" height=\"90\" src=\"https:\/\/frizernakaptolu.com\/wp-content\/uploads\/2018\/04\/h2-custom-icon-img-3.png\" class=\"attachment-full size-full\" alt=\"i\" \/>                                <\/a>\n        <\/div>\n    <div class=\"mkdf-iwt-content\" >\n                <h4 class=\"mkdf-iwt-title\" >\n                <a itemprop=\"url\" href=\"#\" target=\"_self\">\n                        <span class=\"mkdf-iwt-title-text\">Hairdressing services<\/span>\n                    <\/a>\n        <\/h4>\n                <p class=\"mkdf-iwt-text\" >Free consultations, styling and blow-drying, coloring, hair care, mini waves and haircuts with a top team of hair stylists who will devote themselves to you as much as possible\n<\/p>\n    <\/div>\n<\/div>\t\t<\/div>\n\t\t\t\t<\/div>\n\t\t\t\t\t<\/div>\n\t\t<\/div>\n\t\t\t\t<div class=\"elementor-column elementor-col-33 elementor-top-column elementor-element elementor-element-f195f4c\" data-id=\"f195f4c\" data-element_type=\"column\">\n\t\t\t<div class=\"elementor-widget-wrap elementor-element-populated\">\n\t\t\t\t\t\t\t\t<div class=\"elementor-element elementor-element-82e449d elementor-widget elementor-widget-mkdf_icon_with_text\" data-id=\"82e449d\" data-element_type=\"widget\" data-widget_type=\"mkdf_icon_with_text.default\">\n\t\t\t\t<div class=\"elementor-widget-container\">\n\t\t\t<div class=\"mkdf-iwt clearfix  mkdf-iwt-icon-top mkdf-iwt-icon-medium\">\n    <div class=\"mkdf-iwt-icon\">\n                <a itemprop=\"url\" href=\"#\" target=\"_self\">\n                                        <img loading=\"lazy\" decoding=\"async\" width=\"110\" height=\"90\" src=\"https:\/\/frizernakaptolu.com\/wp-content\/uploads\/2023\/10\/h2-custom-icon-img-1.png\" class=\"attachment-full size-full\" alt=\"\" \/>                                <\/a>\n        <\/div>\n    <div class=\"mkdf-iwt-content\" >\n                <h4 class=\"mkdf-iwt-title\" >\n                <a itemprop=\"url\" href=\"#\" target=\"_self\">\n                        <span class=\"mkdf-iwt-title-text\">Make Up<\/span>\n                    <\/a>\n        <\/h4>\n                <p class=\"mkdf-iwt-text\" >Perfect make-up for weddings and special events, advice on how to make-up that highlights your personality and features\n<\/p>\n    <\/div>\n<\/div>\t\t<\/div>\n\t\t\t\t<\/div>\n\t\t\t\t\t<\/div>\n\t\t<\/div>\n\t\t\t\t<div class=\"elementor-column elementor-col-33 elementor-top-column elementor-element elementor-element-b35daf8\" data-id=\"b35daf8\" data-element_type=\"column\">\n\t\t\t<div class=\"elementor-widget-wrap elementor-element-populated\">\n\t\t\t\t\t\t\t\t<div class=\"elementor-element elementor-element-48273cf elementor-widget elementor-widget-mkdf_icon_with_text\" data-id=\"48273cf\" data-element_type=\"widget\" data-widget_type=\"mkdf_icon_with_text.default\">\n\t\t\t\t<div class=\"elementor-widget-container\">\n\t\t\t<div class=\"mkdf-iwt clearfix  mkdf-iwt-icon-top mkdf-iwt-icon-medium\">\n    <div class=\"mkdf-iwt-icon\">\n                <a itemprop=\"url\" href=\"#\" target=\"_self\">\n                                        <img loading=\"lazy\" decoding=\"async\" width=\"90\" height=\"90\" src=\"https:\/\/frizernakaptolu.com\/wp-content\/uploads\/2023\/10\/nail-polish-1.png\" class=\"attachment-full size-full\" alt=\"\" \/>                                <\/a>\n        <\/div>\n    <div class=\"mkdf-iwt-content\" >\n                <h4 class=\"mkdf-iwt-title\" >\n                <a itemprop=\"url\" href=\"#\" target=\"_self\">\n                        <span class=\"mkdf-iwt-title-text\">Cosmetic services<\/span>\n                    <\/a>\n        <\/h4>\n                <p class=\"mkdf-iwt-text\" >Manicure, pedicure, waxing and massage as additional services that you can get in the elegant ambience of our salon<\/p>\n    <\/div>\n<\/div>\t\t<\/div>\n\t\t\t\t<\/div>\n\t\t\t\t\t<\/div>\n\t\t<\/div>\n\t\t\t\t\t\t\t<\/div>\n\t\t<\/section>\n\t\t\t\t<section class=\"elementor-section elementor-top-section elementor-element elementor-element-52ebd28 elementor-section-full_width elementor-section-height-default elementor-section-height-default mkdf-parallax-row-no mkdf-content-aligment-left mkdf-elementor-row-grid-no mkdf-disabled-bg-image-bellow-no\" data-id=\"52ebd28\" data-element_type=\"section\">\n\t\t\t\t\t\t<div class=\"elementor-container elementor-column-gap-default\">\n\t\t\t\t\t<div class=\"elementor-column elementor-col-50 elementor-top-column elementor-element elementor-element-10f0344\" data-id=\"10f0344\" data-element_type=\"column\" data-settings=\"{&quot;background_background&quot;:&quot;classic&quot;}\">\n\t\t\t<div class=\"elementor-widget-wrap elementor-element-populated\">\n\t\t\t\t\t\t\t\t<div class=\"elementor-element elementor-element-3ac3ca8 elementor-widget elementor-widget-spacer\" data-id=\"3ac3ca8\" data-element_type=\"widget\" data-widget_type=\"spacer.default\">\n\t\t\t\t<div class=\"elementor-widget-container\">\n\t\t\t<style>\/*! elementor - v3.16.0 - 09-10-2023 *\/\n.elementor-column .elementor-spacer-inner{height:var(--spacer-size)}.e-con{--container-widget-width:100%}.e-con-inner>.elementor-widget-spacer,.e-con>.elementor-widget-spacer{width:var(--container-widget-width,var(--spacer-size));--align-self:var(--container-widget-align-self,initial);--flex-shrink:0}.e-con-inner>.elementor-widget-spacer>.elementor-widget-container,.e-con>.elementor-widget-spacer>.elementor-widget-container{height:100%;width:100%}.e-con-inner>.elementor-widget-spacer>.elementor-widget-container>.elementor-spacer,.e-con>.elementor-widget-spacer>.elementor-widget-container>.elementor-spacer{height:100%}.e-con-inner>.elementor-widget-spacer>.elementor-widget-container>.elementor-spacer>.elementor-spacer-inner,.e-con>.elementor-widget-spacer>.elementor-widget-container>.elementor-spacer>.elementor-spacer-inner{height:var(--container-widget-height,var(--spacer-size))}.e-con-inner>.elementor-widget-spacer.elementor-widget-empty,.e-con>.elementor-widget-spacer.elementor-widget-empty{position:relative;min-height:22px;min-width:22px}.e-con-inner>.elementor-widget-spacer.elementor-widget-empty .elementor-widget-empty-icon,.e-con>.elementor-widget-spacer.elementor-widget-empty .elementor-widget-empty-icon{position:absolute;top:0;bottom:0;left:0;right:0;margin:auto;padding:0;width:22px;height:22px}<\/style>\t\t<div class=\"elementor-spacer\">\n\t\t\t<div class=\"elementor-spacer-inner\"><\/div>\n\t\t<\/div>\n\t\t\t\t<\/div>\n\t\t\t\t<\/div>\n\t\t\t\t\t<\/div>\n\t\t<\/div>\n\t\t\t\t<div class=\"elementor-column elementor-col-50 elementor-top-column elementor-element elementor-element-53ddda4\" data-id=\"53ddda4\" data-element_type=\"column\" data-settings=\"{&quot;background_background&quot;:&quot;classic&quot;}\">\n\t\t\t<div class=\"elementor-widget-wrap elementor-element-populated\">\n\t\t\t\t\t\t\t\t<div class=\"elementor-element elementor-element-02cd5a6 elementor-widget elementor-widget-mkdf_info_section\" data-id=\"02cd5a6\" data-element_type=\"widget\" data-widget_type=\"mkdf_info_section.default\">\n\t\t\t\t<div class=\"elementor-widget-container\">\n\t\t\t<div class=\"mkdf-info-section  mkdf-light mkdf-center\">\n\n            <var class=\"mkdf-is-background-text\" style=\"font-size:225px\" id=\"mkdf-is-background-text-287\" >\n        Story        <\/var>\n    \n    <div class=\"mkdf-is-inner\" style=\"padding-top:112.5px;width:80%\">\n\n                    <h5 class=\"mkdf-is-subtitle\">\n            zagreb \u2022 since 2016.            <\/h5>\n        \n                    <h3 class=\"mkdf-is-title\">\n            Personalized approach to hair            <\/h3>\n        \n                    <p class=\"mkdf-is-text\">\n            Because your hair can be perfect with carefully selected premium products and the expertise and professionalism of our hairdressers and colorists. A winning combination that you will always come back to.            <\/p>\n        \n                    <div class=\"mkdf-is-button\" style=\"margin-top:-7px\">\n                <a itemprop=\"url\" href=\"https:\/\/frizernakaptolu.com\/index.php\/gallery\/\" target=\"_self\" style=\"color: #ffffff;border-color: #ffffff\" class=\"mkdf-btn mkdf-btn-medium mkdf-btn-outline\"  >    <span class=\"mkdf-btn-text\">Gallery<\/span>    <\/a>            <\/div>\n        \n    <\/div>\n<\/div>\t\t<\/div>\n\t\t\t\t<\/div>\n\t\t\t\t\t<\/div>\n\t\t<\/div>\n\t\t\t\t\t\t\t<\/div>\n\t\t<\/section>\n\t\t\t\t<section class=\"elementor-section elementor-top-section elementor-element elementor-element-95d4c63 elementor-section-full_width elementor-section-height-default elementor-section-height-default mkdf-parallax-row-no mkdf-content-aligment-left mkdf-elementor-row-grid-no mkdf-disabled-bg-image-bellow-no\" data-id=\"95d4c63\" data-element_type=\"section\">\n\t\t\t\t\t\t<div class=\"elementor-container elementor-column-gap-default\">\n\t\t\t\t\t<div class=\"elementor-column elementor-col-50 elementor-top-column elementor-element elementor-element-db1dd7d\" data-id=\"db1dd7d\" data-element_type=\"column\" data-settings=\"{&quot;background_background&quot;:&quot;classic&quot;}\">\n\t\t\t<div class=\"elementor-widget-wrap elementor-element-populated\">\n\t\t\t\t\t\t\t\t<div class=\"elementor-element elementor-element-587a3d4 elementor-widget elementor-widget-mkdf_info_section\" data-id=\"587a3d4\" data-element_type=\"widget\" data-widget_type=\"mkdf_info_section.default\">\n\t\t\t\t<div class=\"elementor-widget-container\">\n\t\t\t<div class=\"mkdf-info-section  mkdf-light mkdf-center\">\n\n            <var class=\"mkdf-is-background-text\" style=\"font-size:225px\" id=\"mkdf-is-background-text-34\" >\n        Process        <\/var>\n    \n    <div class=\"mkdf-is-inner\" style=\"padding-top:112.5px;width:80%\">\n\n                    <h5 class=\"mkdf-is-subtitle\">\n            zagreb \u2022 since 2016.            <\/h5>\n        \n                    <h3 class=\"mkdf-is-title\">\n            How we do it            <\/h3>\n        \n                    <p class=\"mkdf-is-text\">\n            Every woman has her own story, and hair is what makes her unforgettable. Surrender to our expertise and let your hair always be what makes you feminine and special.\n            <\/p>\n        \n                    <div class=\"mkdf-is-button\" style=\"margin-top:-7px\">\n                <a itemprop=\"url\" href=\"https:\/\/frizernakaptolu.com\/index.php\/about-us\/\" target=\"_self\" style=\"color: #ffffff;border-color: #ffffff\" class=\"mkdf-btn mkdf-btn-medium mkdf-btn-outline\"  >    <span class=\"mkdf-btn-text\">Read more<\/span>    <\/a>            <\/div>\n        \n    <\/div>\n<\/div>\t\t<\/div>\n\t\t\t\t<\/div>\n\t\t\t\t\t<\/div>\n\t\t<\/div>\n\t\t\t\t<div class=\"elementor-column elementor-col-50 elementor-top-column elementor-element elementor-element-8d41038\" data-id=\"8d41038\" data-element_type=\"column\" data-settings=\"{&quot;background_background&quot;:&quot;classic&quot;}\">\n\t\t\t<div class=\"elementor-widget-wrap elementor-element-populated\">\n\t\t\t\t\t\t\t\t<div class=\"elementor-element elementor-element-f72faf7 elementor-widget elementor-widget-spacer\" data-id=\"f72faf7\" data-element_type=\"widget\" data-widget_type=\"spacer.default\">\n\t\t\t\t<div class=\"elementor-widget-container\">\n\t\t\t\t\t<div class=\"elementor-spacer\">\n\t\t\t<div class=\"elementor-spacer-inner\"><\/div>\n\t\t<\/div>\n\t\t\t\t<\/div>\n\t\t\t\t<\/div>\n\t\t\t\t\t<\/div>\n\t\t<\/div>\n\t\t\t\t\t\t\t<\/div>\n\t\t<\/section>\n\t\t\t\t<section class=\"elementor-section elementor-top-section elementor-element elementor-element-32f01fa mkdf-elementor-row-grid-section elementor-section-boxed elementor-section-height-default elementor-section-height-default mkdf-parallax-row-no mkdf-content-aligment-left mkdf-disabled-bg-image-bellow-no\" data-id=\"32f01fa\" data-element_type=\"section\">\n\t\t\t\t\t\t<div class=\"elementor-container elementor-column-gap-default\">\n\t\t\t\t\t<div class=\"elementor-column elementor-col-50 elementor-top-column elementor-element elementor-element-9ff14d4\" data-id=\"9ff14d4\" data-element_type=\"column\">\n\t\t\t<div class=\"elementor-widget-wrap elementor-element-populated\">\n\t\t\t\t\t\t\t\t<div class=\"elementor-element elementor-element-465be75 elementor-widget elementor-widget-mkdf_section_title\" data-id=\"465be75\" data-element_type=\"widget\" data-widget_type=\"mkdf_section_title.default\">\n\t\t\t\t<div class=\"elementor-widget-container\">\n\t\t\t<div class=\"mkdf-section-title-holder  mkdf-dark mkdf-st-standard\" style=\"padding: 0 9%;text-align: right\">\n    <div class=\"mkdf-st-inner\">\n\n                    <var class=\"mkdf-st-background-text\" style=\"font-size:225px;left: -105px;top: -7px\" id=\"mkdf-st-background-text-100\" data-font-size=\"180px\">\n            Work            <\/var>\n        \n                    <h2 class=\"mkdf-st-title\">\n            working hours            <\/h2>\n        \n        \n    <\/div>\n<\/div>\t\t<\/div>\n\t\t\t\t<\/div>\n\t\t\t\t\t<\/div>\n\t\t<\/div>\n\t\t\t\t<div class=\"elementor-column elementor-col-50 elementor-top-column elementor-element elementor-element-72a40fb\" data-id=\"72a40fb\" data-element_type=\"column\">\n\t\t\t<div class=\"elementor-widget-wrap elementor-element-populated\">\n\t\t\t\t\t\t\t\t<div class=\"elementor-element elementor-element-2a5f132 elementor-widget elementor-widget-qi_addons_for_elementor_business_hours\" data-id=\"2a5f132\" data-element_type=\"widget\" data-widget_type=\"qi_addons_for_elementor_business_hours.default\">\n\t\t\t\t<div class=\"elementor-widget-container\">\n\t\t\t<div class=\"qodef-shortcode qodef-m  qodef-qi-business-hours qodef-layout--standard qodef-line-type--below qodef-resposive--no qodef-text-underline\">\n\t<div class=\"qodef-m-inner\">\n\t\t\t\t\t\t\t\t<div class=\"qodef-m-items\">\n\t\t\t<div class=\"qodef-e qodef-e-item elementor-repeater-item-cb28761\">\n\t\t\t<div class=\"qodef-e-title-holder\">\n\t\t\t\t\t\t<h4 class=\"qodef-e-day\">\n\t\t\t\tModay - Friday\t\t\t<\/h4>\n\t\t<\/div>\n\t\t<div class=\"qodef-e-line\"><\/div>\n\t\t\t\t\t<p class=\"qodef-e-hours\">\n\t\t\t\t08:00 - 20:00\t\t\t<\/p>\n\t\t\t<\/div>\n<div class=\"qodef-e qodef-e-item elementor-repeater-item-f7ee0a2\">\n\t\t\t<div class=\"qodef-e-title-holder\">\n\t\t\t\t\t\t<h4 class=\"qodef-e-day\">\n\t\t\t\tSaturday\t\t\t<\/h4>\n\t\t<\/div>\n\t\t<div class=\"qodef-e-line\"><\/div>\n\t\t\t\t\t<p class=\"qodef-e-hours\">\n\t\t\t\t09:00 - 15:00\t\t\t<\/p>\n\t\t\t<\/div>\n<div class=\"qodef-e qodef-e-item elementor-repeater-item-49296f9\">\n\t\t\t<div class=\"qodef-e-title-holder\">\n\t\t\t\t\t\t<h4 class=\"qodef-e-day\">\n\t\t\t\tSunday\t\t\t<\/h4>\n\t\t<\/div>\n\t\t<div class=\"qodef-e-line\"><\/div>\n\t\t\t\t\t<p class=\"qodef-e-hours\">\n\t\t\t\tclosed\t\t\t<\/p>\n\t\t\t<\/div>\n\t\t<\/div>\n\t\t\t<\/div>\n<\/div>\n\t\t<\/div>\n\t\t\t\t<\/div>\n\t\t\t\t\t<\/div>\n\t\t<\/div>\n\t\t\t\t\t\t\t<\/div>\n\t\t<\/section>\n\t\t<div class=\"elementor-element elementor-element-c8790d2 e-flex e-con-boxed e-con e-parent\" data-id=\"c8790d2\" data-element_type=\"container\" data-settings=\"{&quot;content_width&quot;:&quot;boxed&quot;}\" data-core-v316-plus=\"true\">\n\t\t\t\t\t<div class=\"e-con-inner\">\n\t\t\t\t<div class=\"elementor-element elementor-element-d7bc935 elementor-widget__width-inherit elementor-widget elementor-widget-google_maps\" data-id=\"d7bc935\" data-element_type=\"widget\" data-widget_type=\"google_maps.default\">\n\t\t\t\t<div class=\"elementor-widget-container\">\n\t\t\t<style>\/*! elementor - v3.16.0 - 09-10-2023 *\/\n.elementor-widget-google_maps .elementor-widget-container{overflow:hidden}.elementor-widget-google_maps .elementor-custom-embed{line-height:0}.elementor-widget-google_maps iframe{height:300px}<\/style>\t\t<div class=\"elementor-custom-embed\">\n\t\t\t<iframe loading=\"lazy\"\n\t\t\t\t\tsrc=\"https:\/\/maps.google.com\/maps?q=kaptol%206&#038;t=m&#038;z=13&#038;output=embed&#038;iwloc=near\"\n\t\t\t\t\ttitle=\"kaptol 6\"\n\t\t\t\t\taria-label=\"kaptol 6\"\n\t\t\t><\/iframe>\n\t\t<\/div>\n\t\t\t\t<\/div>\n\t\t\t\t<\/div>\n\t\t\t\t\t<\/div>\n\t\t\t\t<\/div>\n\t\t\t\t\t\t\t<\/div>","protected":false},"excerpt":{"rendered":"<p>Frizerske usluge Besplatne konzultacije, stiliziranje i feniranje, koloracija, njega kose, mini val te \u0161i\u0161anje uz vrhunski tim frizera stilista koji \u0107e vam se maksimalno posvetiti Make Up Savr\u0161eni make up za vjen\u010danja i posebne evente, savjetovanje o na\u010dinu \u0161minkanja koje [&hellip;]<\/p>","protected":false},"author":1,"featured_media":0,"parent":0,"menu_order":0,"comment_status":"closed","ping_status":"closed","template":"full-width.php","meta":{"footnotes":""},"class_list":["post-1531","page","type-page","status-publish","hentry"],"yoast_head":"<!-- This site is optimized with the Yoast SEO plugin v21.4 - https:\/\/yoast.com\/wordpress\/plugins\/seo\/ -->\n<title>Po\u010detna - Frizer na kaptolu<\/title>\n<meta name=\"description\" content=\"Frizer na Kaptolu je boutique frizerski salon kojeg \u0107ete lako prona\u0107i na lokaciji nasuprot zagreba\u010dke katedrale na Kaptolu. Pod vodstvom Mirjane Mihel\u010di\u0107, renomirane frizerke i viza\u017eistice, Frizer Na Kaptolu je IT mjesto za \u017eene i mu\u0161karce koji \u017eele izgledati lijepo i njegovano. Vidimo se na Kaptolu!\" \/>\n<meta name=\"robots\" content=\"index, follow, max-snippet:-1, max-image-preview:large, max-video-preview:-1\" \/>\n<link rel=\"canonical\" href=\"https:\/\/frizernakaptolu.com\/en\/\" \/>\n<meta property=\"og:locale\" content=\"en_GB\" \/>\n<meta property=\"og:type\" content=\"article\" \/>\n<meta property=\"og:title\" content=\"Po\u010detna - Frizer na kaptolu\" \/>\n<meta property=\"og:description\" content=\"Frizer na Kaptolu je boutique frizerski salon kojeg \u0107ete lako prona\u0107i na lokaciji nasuprot zagreba\u010dke katedrale na Kaptolu. Pod vodstvom Mirjane Mihel\u010di\u0107, renomirane frizerke i viza\u017eistice, Frizer Na Kaptolu je IT mjesto za \u017eene i mu\u0161karce koji \u017eele izgledati lijepo i njegovano. Vidimo se na Kaptolu!\" \/>\n<meta property=\"og:url\" content=\"https:\/\/frizernakaptolu.com\/en\/\" \/>\n<meta property=\"og:site_name\" content=\"Frizer na kaptolu\" \/>\n<meta property=\"article:publisher\" content=\"https:\/\/www.facebook.com\/FNKfrizernakaptolu\/\" \/>\n<meta property=\"article:modified_time\" content=\"2023-10-24T11:59:15+00:00\" \/>\n<meta property=\"og:image\" content=\"https:\/\/frizernakaptolu.com\/wp-content\/uploads\/2018\/04\/h2-custom-icon-img-3.png\" \/>\n<meta name=\"twitter:card\" content=\"summary_large_image\" \/>\n<meta name=\"twitter:label1\" content=\"Estimated reading time\" \/>\n\t<meta name=\"twitter:data1\" content=\"2 minutes\" \/>\n<script type=\"application\/ld+json\" class=\"yoast-schema-graph\">{\"@context\":\"https:\/\/schema.org\",\"@graph\":[{\"@type\":\"WebPage\",\"@id\":\"https:\/\/frizernakaptolu.com\/\",\"url\":\"https:\/\/frizernakaptolu.com\/\",\"name\":\"Po\u010detna - Frizer na kaptolu\",\"isPartOf\":{\"@id\":\"https:\/\/frizernakaptolu.com\/#website\"},\"datePublished\":\"2018-04-12T13:24:11+00:00\",\"dateModified\":\"2023-10-24T11:59:15+00:00\",\"description\":\"Frizer na Kaptolu je boutique frizerski salon kojeg \u0107ete lako prona\u0107i na lokaciji nasuprot zagreba\u010dke katedrale na Kaptolu. Pod vodstvom Mirjane Mihel\u010di\u0107, renomirane frizerke i viza\u017eistice, Frizer Na Kaptolu je IT mjesto za \u017eene i mu\u0161karce koji \u017eele izgledati lijepo i njegovano. Vidimo se na Kaptolu!\",\"breadcrumb\":{\"@id\":\"https:\/\/frizernakaptolu.com\/#breadcrumb\"},\"inLanguage\":\"en-GB\",\"potentialAction\":[{\"@type\":\"ReadAction\",\"target\":[\"https:\/\/frizernakaptolu.com\/\"]}]},{\"@type\":\"BreadcrumbList\",\"@id\":\"https:\/\/frizernakaptolu.com\/#breadcrumb\",\"itemListElement\":[{\"@type\":\"ListItem\",\"position\":1,\"name\":\"Home\",\"item\":\"https:\/\/frizernakaptolu.com\/\"},{\"@type\":\"ListItem\",\"position\":2,\"name\":\"Po\u010detna\"}]},{\"@type\":\"WebSite\",\"@id\":\"https:\/\/frizernakaptolu.com\/#website\",\"url\":\"https:\/\/frizernakaptolu.com\/\",\"name\":\"Frizer na kaptolu\",\"description\":\"\",\"publisher\":{\"@id\":\"https:\/\/frizernakaptolu.com\/#organization\"},\"potentialAction\":[{\"@type\":\"SearchAction\",\"target\":{\"@type\":\"EntryPoint\",\"urlTemplate\":\"https:\/\/frizernakaptolu.com\/?s={search_term_string}\"},\"query-input\":\"required name=search_term_string\"}],\"inLanguage\":\"en-GB\"},{\"@type\":\"Organization\",\"@id\":\"https:\/\/frizernakaptolu.com\/#organization\",\"name\":\"Frizer na kaptolu\",\"url\":\"https:\/\/frizernakaptolu.com\/\",\"logo\":{\"@type\":\"ImageObject\",\"inLanguage\":\"en-GB\",\"@id\":\"https:\/\/frizernakaptolu.com\/#\/schema\/logo\/image\/\",\"url\":\"https:\/\/frizernakaptolu.com\/wp-content\/uploads\/2023\/10\/FNK_logo3-removebg-preview.png\",\"contentUrl\":\"https:\/\/frizernakaptolu.com\/wp-content\/uploads\/2023\/10\/FNK_logo3-removebg-preview.png\",\"width\":500,\"height\":500,\"caption\":\"Frizer na kaptolu\"},\"image\":{\"@id\":\"https:\/\/frizernakaptolu.com\/#\/schema\/logo\/image\/\"},\"sameAs\":[\"https:\/\/www.facebook.com\/FNKfrizernakaptolu\/\",\"https:\/\/www.instagram.com\/fnk.salon\/\"]}]}<\/script>\n<!-- \/ Yoast SEO plugin. -->","yoast_head_json":{"title":"Po\u010detna - Frizer na kaptolu","description":"Frizer na Kaptolu je boutique frizerski salon kojeg \u0107ete lako prona\u0107i na lokaciji nasuprot zagreba\u010dke katedrale na Kaptolu. Pod vodstvom Mirjane Mihel\u010di\u0107, renomirane frizerke i viza\u017eistice, Frizer Na Kaptolu je IT mjesto za \u017eene i mu\u0161karce koji \u017eele izgledati lijepo i njegovano. Vidimo se na Kaptolu!","robots":{"index":"index","follow":"follow","max-snippet":"max-snippet:-1","max-image-preview":"max-image-preview:large","max-video-preview":"max-video-preview:-1"},"canonical":"https:\/\/frizernakaptolu.com\/en\/","og_locale":"en_GB","og_type":"article","og_title":"Po\u010detna - Frizer na kaptolu","og_description":"Frizer na Kaptolu je boutique frizerski salon kojeg \u0107ete lako prona\u0107i na lokaciji nasuprot zagreba\u010dke katedrale na Kaptolu. Pod vodstvom Mirjane Mihel\u010di\u0107, renomirane frizerke i viza\u017eistice, Frizer Na Kaptolu je IT mjesto za \u017eene i mu\u0161karce koji \u017eele izgledati lijepo i njegovano. Vidimo se na Kaptolu!","og_url":"https:\/\/frizernakaptolu.com\/en\/","og_site_name":"Frizer na kaptolu","article_publisher":"https:\/\/www.facebook.com\/FNKfrizernakaptolu\/","article_modified_time":"2023-10-24T11:59:15+00:00","og_image":[{"url":"https:\/\/frizernakaptolu.com\/wp-content\/uploads\/2018\/04\/h2-custom-icon-img-3.png"}],"twitter_card":"summary_large_image","twitter_misc":{"Estimated reading time":"2 minutes"},"schema":{"@context":"https:\/\/schema.org","@graph":[{"@type":"WebPage","@id":"https:\/\/frizernakaptolu.com\/","url":"https:\/\/frizernakaptolu.com\/","name":"Po\u010detna - Frizer na kaptolu","isPartOf":{"@id":"https:\/\/frizernakaptolu.com\/#website"},"datePublished":"2018-04-12T13:24:11+00:00","dateModified":"2023-10-24T11:59:15+00:00","description":"Frizer na Kaptolu je boutique frizerski salon kojeg \u0107ete lako prona\u0107i na lokaciji nasuprot zagreba\u010dke katedrale na Kaptolu. Pod vodstvom Mirjane Mihel\u010di\u0107, renomirane frizerke i viza\u017eistice, Frizer Na Kaptolu je IT mjesto za \u017eene i mu\u0161karce koji \u017eele izgledati lijepo i njegovano. Vidimo se na Kaptolu!","breadcrumb":{"@id":"https:\/\/frizernakaptolu.com\/#breadcrumb"},"inLanguage":"en-GB","potentialAction":[{"@type":"ReadAction","target":["https:\/\/frizernakaptolu.com\/"]}]},{"@type":"BreadcrumbList","@id":"https:\/\/frizernakaptolu.com\/#breadcrumb","itemListElement":[{"@type":"ListItem","position":1,"name":"Home","item":"https:\/\/frizernakaptolu.com\/"},{"@type":"ListItem","position":2,"name":"Po\u010detna"}]},{"@type":"WebSite","@id":"https:\/\/frizernakaptolu.com\/#website","url":"https:\/\/frizernakaptolu.com\/","name":"Frizer na kaptolu","description":"","publisher":{"@id":"https:\/\/frizernakaptolu.com\/#organization"},"potentialAction":[{"@type":"SearchAction","target":{"@type":"EntryPoint","urlTemplate":"https:\/\/frizernakaptolu.com\/?s={search_term_string}"},"query-input":"required name=search_term_string"}],"inLanguage":"en-GB"},{"@type":"Organization","@id":"https:\/\/frizernakaptolu.com\/#organization","name":"Frizer na kaptolu","url":"https:\/\/frizernakaptolu.com\/","logo":{"@type":"ImageObject","inLanguage":"en-GB","@id":"https:\/\/frizernakaptolu.com\/#\/schema\/logo\/image\/","url":"https:\/\/frizernakaptolu.com\/wp-content\/uploads\/2023\/10\/FNK_logo3-removebg-preview.png","contentUrl":"https:\/\/frizernakaptolu.com\/wp-content\/uploads\/2023\/10\/FNK_logo3-removebg-preview.png","width":500,"height":500,"caption":"Frizer na kaptolu"},"image":{"@id":"https:\/\/frizernakaptolu.com\/#\/schema\/logo\/image\/"},"sameAs":["https:\/\/www.facebook.com\/FNKfrizernakaptolu\/","https:\/\/www.instagram.com\/fnk.salon\/"]}]}},"_links":{"self":[{"href":"https:\/\/frizernakaptolu.com\/en\/wp-json\/wp\/v2\/pages\/1531","targetHints":{"allow":["GET"]}}],"collection":[{"href":"https:\/\/frizernakaptolu.com\/en\/wp-json\/wp\/v2\/pages"}],"about":[{"href":"https:\/\/frizernakaptolu.com\/en\/wp-json\/wp\/v2\/types\/page"}],"author":[{"embeddable":true,"href":"https:\/\/frizernakaptolu.com\/en\/wp-json\/wp\/v2\/users\/1"}],"replies":[{"embeddable":true,"href":"https:\/\/frizernakaptolu.com\/en\/wp-json\/wp\/v2\/comments?post=1531"}],"version-history":[{"count":64,"href":"https:\/\/frizernakaptolu.com\/en\/wp-json\/wp\/v2\/pages\/1531\/revisions"}],"predecessor-version":[{"id":5776,"href":"https:\/\/frizernakaptolu.com\/en\/wp-json\/wp\/v2\/pages\/1531\/revisions\/5776"}],"wp:attachment":[{"href":"https:\/\/frizernakaptolu.com\/en\/wp-json\/wp\/v2\/media?parent=1531"}],"curies":[{"name":"wp","href":"https:\/\/api.w.org\/{rel}","templated":true}]}}