{"id":25,"date":"2018-04-02T08:05:43","date_gmt":"2018-04-02T08:05:43","guid":{"rendered":"https:\/\/curly.qodeinteractive.com\/elementor\/?page_id=25"},"modified":"2023-10-23T11:10:11","modified_gmt":"2023-10-23T11:10:11","slug":"about-us","status":"publish","type":"page","link":"https:\/\/frizernakaptolu.com\/en\/about-us\/","title":{"rendered":"About us"},"content":{"rendered":"<div data-elementor-type=\"wp-page\" data-elementor-id=\"25\" class=\"elementor elementor-25\">\n\t\t\t\t\t\t\t\t\t<section class=\"elementor-section elementor-top-section elementor-element elementor-element-62dfe602 elementor-section-boxed elementor-section-height-default elementor-section-height-default mkdf-parallax-row-no mkdf-content-aligment-left mkdf-elementor-row-grid-no mkdf-disabled-bg-image-bellow-no\" data-id=\"62dfe602\" data-element_type=\"section\">\n\t\t\t\t\t\t<div class=\"elementor-container elementor-column-gap-default\">\n\t\t\t\t\t<div class=\"elementor-column elementor-col-100 elementor-top-column elementor-element elementor-element-5ff2013\" data-id=\"5ff2013\" data-element_type=\"column\">\n\t\t\t<div class=\"elementor-widget-wrap\">\n\t\t\t\t\t\t\t\t\t<\/div>\n\t\t<\/div>\n\t\t\t\t\t\t\t<\/div>\n\t\t<\/section>\n\t\t\t\t<section class=\"elementor-section elementor-top-section elementor-element elementor-element-cd7ae7d mkdf-elementor-row-grid-section elementor-section-boxed elementor-section-height-default elementor-section-height-default mkdf-parallax-row-no mkdf-content-aligment-left mkdf-disabled-bg-image-bellow-no\" data-id=\"cd7ae7d\" data-element_type=\"section\" data-settings=\"{&quot;background_background&quot;:&quot;classic&quot;}\">\n\t\t\t\t\t\t<div class=\"elementor-container elementor-column-gap-default\">\n\t\t\t\t\t<div class=\"elementor-column elementor-col-50 elementor-top-column elementor-element elementor-element-0a6495a\" data-id=\"0a6495a\" data-element_type=\"column\">\n\t\t\t<div class=\"elementor-widget-wrap elementor-element-populated\">\n\t\t\t\t\t\t\t\t<div class=\"elementor-element elementor-element-f212a06 elementor-widget elementor-widget-mkdf_section_title\" data-id=\"f212a06\" data-element_type=\"widget\" data-widget_type=\"mkdf_section_title.default\">\n\t\t\t\t<div class=\"elementor-widget-container\">\n\t\t\t<div class=\"mkdf-section-title-holder  mkdf-dark mkdf-st-standard\" style=\"text-align: right\">\n    <div class=\"mkdf-st-inner\">\n\n                    <var class=\"mkdf-st-background-text\" style=\"font-size:225px;left: -22px;top: -40px\" id=\"mkdf-st-background-text-505\" data-font-size=\"180px\" data-horizontal-offset=\"38px\" data-vertical-offset=\"-37px\">\n            History            <\/var>\n        \n                    <h2 class=\"mkdf-st-title\">\n            Our story            <\/h2>\n        \n        \n    <\/div>\n<\/div>\t\t<\/div>\n\t\t\t\t<\/div>\n\t\t\t\t\t<\/div>\n\t\t<\/div>\n\t\t\t\t<div class=\"elementor-column elementor-col-50 elementor-top-column elementor-element elementor-element-3046339\" data-id=\"3046339\" data-element_type=\"column\">\n\t\t\t<div class=\"elementor-widget-wrap elementor-element-populated\">\n\t\t\t\t\t\t\t\t<div class=\"elementor-element elementor-element-e42a951 elementor-widget elementor-widget-text-editor\" data-id=\"e42a951\" data-element_type=\"widget\" data-widget_type=\"text-editor.default\">\n\t\t\t\t<div class=\"elementor-widget-container\">\n\t\t\t<style>\/*! elementor - v3.16.0 - 09-10-2023 *\/\n.elementor-widget-text-editor.elementor-drop-cap-view-stacked .elementor-drop-cap{background-color:#69727d;color:#fff}.elementor-widget-text-editor.elementor-drop-cap-view-framed .elementor-drop-cap{color:#69727d;border:3px solid;background-color:transparent}.elementor-widget-text-editor:not(.elementor-drop-cap-view-default) .elementor-drop-cap{margin-top:8px}.elementor-widget-text-editor:not(.elementor-drop-cap-view-default) .elementor-drop-cap-letter{width:1em;height:1em}.elementor-widget-text-editor .elementor-drop-cap{float:left;text-align:center;line-height:1;font-size:50px}.elementor-widget-text-editor .elementor-drop-cap-letter{display:inline-block}<\/style>\t\t\t\t<h4>In the very center of the city, FNK is a place for beauty and top-notch hair styling.<\/h4>\t\t\t\t\t\t<\/div>\n\t\t\t\t<\/div>\n\t\t\t\t<div class=\"elementor-element elementor-element-16e556d elementor-widget elementor-widget-text-editor\" data-id=\"16e556d\" data-element_type=\"widget\" data-widget_type=\"text-editor.default\">\n\t\t\t\t<div class=\"elementor-widget-container\">\n\t\t\t\t\t\t\t<p>Frizer na Kaptol is a boutique hair salon that you can easily find in a location opposite the Zagreb Cathedral on Kaptol. Our team of hairdressers, stylists and colorists is responsible for the long-term satisfaction of numerous clients who have completely entrusted the care and styling of their hair to the expert hands of the FNK team. Under the leadership of Mirjana Mihel\u010di\u0107, a renowned hairdresser and make-up artist, Frizer Na Kaptolu is an IT place for women and men who want to look beautiful and well-groomed. Experience, constant education and love for hair are our winning combination that you can completely trust. See you at Kaptol!<\/p>\t\t\t\t\t\t<\/div>\n\t\t\t\t<\/div>\n\t\t\t\t\t<\/div>\n\t\t<\/div>\n\t\t\t\t\t\t\t<\/div>\n\t\t<\/section>\n\t\t\t\t\t\t\t<\/div>","protected":false},"excerpt":{"rendered":"<p>History Na\u0161a pri\u010da U naju\u017eem centru grada, FNK je mjesto za ljepotu i vrhunsko oblikovanje kose. Frizer na Kaptolu je boutique frizerski salon kojeg \u0107ete lako prona\u0107i na lokaciji nasuprot zagreba\u010dke katedrale na Kaptolu. Na\u0161 tim frizera stilista i kolorista [&hellip;]<\/p>","protected":false},"author":1,"featured_media":0,"parent":0,"menu_order":0,"comment_status":"closed","ping_status":"closed","template":"full-width.php","meta":{"footnotes":""},"class_list":["post-25","page","type-page","status-publish","hentry"],"yoast_head":"<!-- This site is optimized with the Yoast SEO plugin v21.4 - https:\/\/yoast.com\/wordpress\/plugins\/seo\/ -->\n<title>O nama - Frizer na kaptolu<\/title>\n<meta name=\"robots\" content=\"index, follow, max-snippet:-1, max-image-preview:large, max-video-preview:-1\" \/>\n<link rel=\"canonical\" href=\"https:\/\/frizernakaptolu.com\/en\/about-us\/\" \/>\n<meta property=\"og:locale\" content=\"en_GB\" \/>\n<meta property=\"og:type\" content=\"article\" \/>\n<meta property=\"og:title\" content=\"O nama - Frizer na kaptolu\" \/>\n<meta property=\"og:description\" content=\"History Na\u0161a pri\u010da U naju\u017eem centru grada, FNK je mjesto za ljepotu i vrhunsko oblikovanje kose. Frizer na Kaptolu je boutique frizerski salon kojeg \u0107ete lako prona\u0107i na lokaciji nasuprot zagreba\u010dke katedrale na Kaptolu. Na\u0161 tim frizera stilista i kolorista [&hellip;]\" \/>\n<meta property=\"og:url\" content=\"https:\/\/frizernakaptolu.com\/en\/about-us\/\" \/>\n<meta property=\"og:site_name\" content=\"Frizer na kaptolu\" \/>\n<meta property=\"article:publisher\" content=\"https:\/\/www.facebook.com\/FNKfrizernakaptolu\/\" \/>\n<meta property=\"article:modified_time\" content=\"2023-10-23T11:10:11+00:00\" \/>\n<meta name=\"twitter:card\" content=\"summary_large_image\" \/>\n<meta name=\"twitter:label1\" content=\"Estimated reading time\" \/>\n\t<meta name=\"twitter:data1\" content=\"1 minute\" \/>\n<script type=\"application\/ld+json\" class=\"yoast-schema-graph\">{\"@context\":\"https:\/\/schema.org\",\"@graph\":[{\"@type\":\"WebPage\",\"@id\":\"https:\/\/frizernakaptolu.com\/about-us\/\",\"url\":\"https:\/\/frizernakaptolu.com\/about-us\/\",\"name\":\"O nama - Frizer na kaptolu\",\"isPartOf\":{\"@id\":\"https:\/\/frizernakaptolu.com\/#website\"},\"datePublished\":\"2018-04-02T08:05:43+00:00\",\"dateModified\":\"2023-10-23T11:10:11+00:00\",\"breadcrumb\":{\"@id\":\"https:\/\/frizernakaptolu.com\/about-us\/#breadcrumb\"},\"inLanguage\":\"en-GB\",\"potentialAction\":[{\"@type\":\"ReadAction\",\"target\":[\"https:\/\/frizernakaptolu.com\/about-us\/\"]}]},{\"@type\":\"BreadcrumbList\",\"@id\":\"https:\/\/frizernakaptolu.com\/about-us\/#breadcrumb\",\"itemListElement\":[{\"@type\":\"ListItem\",\"position\":1,\"name\":\"Home\",\"item\":\"https:\/\/frizernakaptolu.com\/\"},{\"@type\":\"ListItem\",\"position\":2,\"name\":\"O nama\"}]},{\"@type\":\"WebSite\",\"@id\":\"https:\/\/frizernakaptolu.com\/#website\",\"url\":\"https:\/\/frizernakaptolu.com\/\",\"name\":\"Frizer na kaptolu\",\"description\":\"\",\"publisher\":{\"@id\":\"https:\/\/frizernakaptolu.com\/#organization\"},\"potentialAction\":[{\"@type\":\"SearchAction\",\"target\":{\"@type\":\"EntryPoint\",\"urlTemplate\":\"https:\/\/frizernakaptolu.com\/?s={search_term_string}\"},\"query-input\":\"required name=search_term_string\"}],\"inLanguage\":\"en-GB\"},{\"@type\":\"Organization\",\"@id\":\"https:\/\/frizernakaptolu.com\/#organization\",\"name\":\"Frizer na kaptolu\",\"url\":\"https:\/\/frizernakaptolu.com\/\",\"logo\":{\"@type\":\"ImageObject\",\"inLanguage\":\"en-GB\",\"@id\":\"https:\/\/frizernakaptolu.com\/#\/schema\/logo\/image\/\",\"url\":\"https:\/\/frizernakaptolu.com\/wp-content\/uploads\/2023\/10\/FNK_logo3-removebg-preview.png\",\"contentUrl\":\"https:\/\/frizernakaptolu.com\/wp-content\/uploads\/2023\/10\/FNK_logo3-removebg-preview.png\",\"width\":500,\"height\":500,\"caption\":\"Frizer na kaptolu\"},\"image\":{\"@id\":\"https:\/\/frizernakaptolu.com\/#\/schema\/logo\/image\/\"},\"sameAs\":[\"https:\/\/www.facebook.com\/FNKfrizernakaptolu\/\",\"https:\/\/www.instagram.com\/fnk.salon\/\"]}]}<\/script>\n<!-- \/ Yoast SEO plugin. -->","yoast_head_json":{"title":"O nama - Frizer na kaptolu","robots":{"index":"index","follow":"follow","max-snippet":"max-snippet:-1","max-image-preview":"max-image-preview:large","max-video-preview":"max-video-preview:-1"},"canonical":"https:\/\/frizernakaptolu.com\/en\/about-us\/","og_locale":"en_GB","og_type":"article","og_title":"O nama - Frizer na kaptolu","og_description":"History Na\u0161a pri\u010da U naju\u017eem centru grada, FNK je mjesto za ljepotu i vrhunsko oblikovanje kose. Frizer na Kaptolu je boutique frizerski salon kojeg \u0107ete lako prona\u0107i na lokaciji nasuprot zagreba\u010dke katedrale na Kaptolu. Na\u0161 tim frizera stilista i kolorista [&hellip;]","og_url":"https:\/\/frizernakaptolu.com\/en\/about-us\/","og_site_name":"Frizer na kaptolu","article_publisher":"https:\/\/www.facebook.com\/FNKfrizernakaptolu\/","article_modified_time":"2023-10-23T11:10:11+00:00","twitter_card":"summary_large_image","twitter_misc":{"Estimated reading time":"1 minute"},"schema":{"@context":"https:\/\/schema.org","@graph":[{"@type":"WebPage","@id":"https:\/\/frizernakaptolu.com\/about-us\/","url":"https:\/\/frizernakaptolu.com\/about-us\/","name":"O nama - Frizer na kaptolu","isPartOf":{"@id":"https:\/\/frizernakaptolu.com\/#website"},"datePublished":"2018-04-02T08:05:43+00:00","dateModified":"2023-10-23T11:10:11+00:00","breadcrumb":{"@id":"https:\/\/frizernakaptolu.com\/about-us\/#breadcrumb"},"inLanguage":"en-GB","potentialAction":[{"@type":"ReadAction","target":["https:\/\/frizernakaptolu.com\/about-us\/"]}]},{"@type":"BreadcrumbList","@id":"https:\/\/frizernakaptolu.com\/about-us\/#breadcrumb","itemListElement":[{"@type":"ListItem","position":1,"name":"Home","item":"https:\/\/frizernakaptolu.com\/"},{"@type":"ListItem","position":2,"name":"O nama"}]},{"@type":"WebSite","@id":"https:\/\/frizernakaptolu.com\/#website","url":"https:\/\/frizernakaptolu.com\/","name":"Frizer na kaptolu","description":"","publisher":{"@id":"https:\/\/frizernakaptolu.com\/#organization"},"potentialAction":[{"@type":"SearchAction","target":{"@type":"EntryPoint","urlTemplate":"https:\/\/frizernakaptolu.com\/?s={search_term_string}"},"query-input":"required name=search_term_string"}],"inLanguage":"en-GB"},{"@type":"Organization","@id":"https:\/\/frizernakaptolu.com\/#organization","name":"Frizer na kaptolu","url":"https:\/\/frizernakaptolu.com\/","logo":{"@type":"ImageObject","inLanguage":"en-GB","@id":"https:\/\/frizernakaptolu.com\/#\/schema\/logo\/image\/","url":"https:\/\/frizernakaptolu.com\/wp-content\/uploads\/2023\/10\/FNK_logo3-removebg-preview.png","contentUrl":"https:\/\/frizernakaptolu.com\/wp-content\/uploads\/2023\/10\/FNK_logo3-removebg-preview.png","width":500,"height":500,"caption":"Frizer na kaptolu"},"image":{"@id":"https:\/\/frizernakaptolu.com\/#\/schema\/logo\/image\/"},"sameAs":["https:\/\/www.facebook.com\/FNKfrizernakaptolu\/","https:\/\/www.instagram.com\/fnk.salon\/"]}]}},"_links":{"self":[{"href":"https:\/\/frizernakaptolu.com\/en\/wp-json\/wp\/v2\/pages\/25","targetHints":{"allow":["GET"]}}],"collection":[{"href":"https:\/\/frizernakaptolu.com\/en\/wp-json\/wp\/v2\/pages"}],"about":[{"href":"https:\/\/frizernakaptolu.com\/en\/wp-json\/wp\/v2\/types\/page"}],"author":[{"embeddable":true,"href":"https:\/\/frizernakaptolu.com\/en\/wp-json\/wp\/v2\/users\/1"}],"replies":[{"embeddable":true,"href":"https:\/\/frizernakaptolu.com\/en\/wp-json\/wp\/v2\/comments?post=25"}],"version-history":[{"count":11,"href":"https:\/\/frizernakaptolu.com\/en\/wp-json\/wp\/v2\/pages\/25\/revisions"}],"predecessor-version":[{"id":5733,"href":"https:\/\/frizernakaptolu.com\/en\/wp-json\/wp\/v2\/pages\/25\/revisions\/5733"}],"wp:attachment":[{"href":"https:\/\/frizernakaptolu.com\/en\/wp-json\/wp\/v2\/media?parent=25"}],"curies":[{"name":"wp","href":"https:\/\/api.w.org\/{rel}","templated":true}]}}